{"id":602,"date":"2018-10-21T22:02:19","date_gmt":"2018-10-21T20:02:19","guid":{"rendered":"http:\/\/maitre-d-ecole.net\/?page_id=602"},"modified":"2025-08-30T12:01:22","modified_gmt":"2025-08-30T10:01:22","slug":"organisation-2018-2019","status":"publish","type":"page","link":"https:\/\/maitre-d-ecole.net\/?page_id=602","title":{"rendered":"organisation de l&#8217;ann\u00e9e scolaire 2025-26"},"content":{"rendered":"\n<figure class=\"wp-block-gallery has-nested-images columns-default is-cropped wp-block-gallery-1 is-layout-flex wp-block-gallery-is-layout-flex\"><\/figure>\n\n\n\n<p><strong><u>Organisation de l\u2019ann\u00e9e 2025-2026 ZONES <\/u><\/strong>A<strong> B <\/strong>C<strong> DE GAUCHE A DROITE<\/strong><\/p>\n\n\n\n<p><em>Nombre de semaines par p\u00e9riode<\/em><\/p>\n\n\n\n<p>Septembre \u00e0 Toussaint :&nbsp;&nbsp;&nbsp;&nbsp;&nbsp;&nbsp;&nbsp;&nbsp;&nbsp;&nbsp;&nbsp;&nbsp;&nbsp;&nbsp;&nbsp;&nbsp;&nbsp;&nbsp;&nbsp;&nbsp; 7 semaines<\/p>\n\n\n\n<p>Toussaint \u00e0 No\u00ebl :&nbsp;&nbsp;&nbsp;&nbsp;&nbsp;&nbsp;&nbsp;&nbsp;&nbsp;&nbsp;&nbsp;&nbsp;&nbsp;&nbsp;&nbsp;&nbsp;&nbsp;&nbsp;&nbsp;&nbsp;&nbsp;&nbsp;&nbsp;&nbsp;&nbsp;&nbsp;&nbsp;&nbsp;&nbsp; &nbsp; 7 semaines<\/p>\n\n\n\n<p>No\u00ebl \u00e0 vacances d\u2019hiver&nbsp;&nbsp;&nbsp;&nbsp;&nbsp;&nbsp;&nbsp;&nbsp; &nbsp;&nbsp;&nbsp;&nbsp;&nbsp;&nbsp;&nbsp;&nbsp;&nbsp;&nbsp;&nbsp; &nbsp; 5&nbsp;\/ <strong>6<\/strong> \/ 7 semaines<\/p>\n\n\n\n<p>Vacances d\u2019hiver \u00e0 vacances de printemps &nbsp; &nbsp;&nbsp;6 semaines<\/p>\n\n\n\n<p>Pont de l\u2019Ascension du jeudi 29 mai au dimanche 1er juin inclus<\/p>\n\n\n\n<p>P\u00e2ques \u00e0 vacances d\u2019\u00e9t\u00e9&nbsp;&nbsp;&nbsp;&nbsp;&nbsp;&nbsp;&nbsp;&nbsp;&nbsp;&nbsp;&nbsp;&nbsp;&nbsp;&nbsp;&nbsp;&nbsp;&nbsp;&nbsp;&nbsp; &nbsp; 11 &nbsp;\/ <strong>10<\/strong> \/ 9 semaines<\/p>\n\n\n\n<p><em>Jours non travaill\u00e9s<\/em><\/p>\n\n\n\n<p>Lundis 6\/4 de P\u00e2ques (zone A en vacances) et 25\/5 de Pentec\u00f4te<\/p>\n\n\n\n<p>Mardi 11\/11<\/p>\n\n\n\n<p>Jeudi 14\/5 Ascension<\/p>\n\n\n\n<p>Vendredis 1\/5 (zone C en vacances) 8\/5 (Saint &nbsp;1\/4 dans certains d\u00e9partements de l\u2019est et) 15\/5 (pont de l\u2019Ascension)<\/p>\n\n\n\n<p>Penser aux dates&nbsp;une quinzaine plus t\u00f4t :<\/p>\n\n\n\n<p>Pr\u00e9rentr\u00e9e enseignants&nbsp;: vendredi 29 ao\u00fbt<\/p>\n\n\n\n<p>R\u00e9union de d\u00e9but d\u2019ann\u00e9e avec les parents dans la premi\u00e8re quinzaine, journ\u00e9e des dys- (vendredi 10 octobre), comm\u00e9moration du mardi 11 Novembre, Saint Nicolas dans l\u2019est (samedi 6 d\u00e9cembre), Avent (dimanche 30 &nbsp;novembre) et festivit\u00e9s de No\u00ebl, tirage des rois (mardi 6 janvier), chandeleur (lundi 2 f\u00e9vrier), mardi gras (17 f\u00e9vrier, zone A et B en vacances), journ\u00e9e de la trisomie (samedi 21 mars), P\u00e2ques (dimanche &nbsp;5 avril), journ\u00e9e du souvenir de la d\u00e9portation (dimanche 26 avril zones&nbsp;B et C en vacances), comm\u00e9moration du vendredi 8 Mai, f\u00eate des m\u00e8res (dimanche 31 mai), f\u00eate des p\u00e8res (dimanche 21 juin), f\u00eate de l\u2019\u00e9cole.<\/p>\n\n\n\n<p>A placer \u00e9galement&nbsp;:<\/p>\n\n\n\n<p>Vos conseils d\u2019\u00e9cole\/conseils p\u00e9dagogiques, conseils de cycle\/r\u00e9unions CM2-6<sup>e<\/sup>, rendus de bulletins, sorties et voyages pr\u00e9vus sur l\u2019ann\u00e9e.<\/p>\n\n\n\n<p><\/p>\n\n\n\n<div data-wp-interactive=\"core\/file\" class=\"wp-block-file\"><object data-wp-bind--hidden=\"!state.hasPdfPreview\"  class=\"wp-block-file__embed\" data=\"https:\/\/maitre-d-ecole.net\/wp-content\/uploads\/2025\/08\/calendrier-scolaire-2025-2026-3.pdf\" type=\"application\/pdf\" style=\"width:100%;height:600px\" aria-label=\"Embed of calendrier-scolaire-2025-2026.\"><\/object><a id=\"wp-block-file--media-0092ee1e-8f04-43d0-99a9-37f33f3a7f4a\" href=\"https:\/\/maitre-d-ecole.net\/wp-content\/uploads\/2025\/08\/calendrier-scolaire-2025-2026-3.pdf\">calendrier-scolaire-2025-2026<\/a><a href=\"https:\/\/maitre-d-ecole.net\/wp-content\/uploads\/2025\/08\/calendrier-scolaire-2025-2026-3.pdf\" class=\"wp-block-file__button wp-element-button\" download aria-describedby=\"wp-block-file--media-0092ee1e-8f04-43d0-99a9-37f33f3a7f4a\">Download<\/a><\/div>\n\n\n\n<p class=\"has-text-align-right\"><mark style=\"background-color:rgba(0, 0, 0, 0)\" class=\"has-inline-color has-light-green-cyan-color\"><strong>calendriers scolaires des ann\u00e9es ant\u00e9rieures :<\/strong><\/mark><\/p>\n\n\n\n<p><a href=\"http:\/\/maitre-d-ecole.net\/wp-content\/uploads\/2024\/07\/calendrier-scolaire-2024-2025.pdf\">calendrier scolaire 2024-2025<\/a><\/p>\n\n\n\n<p><a href=\"http:\/\/maitre-d-ecole.net\/wp-content\/uploads\/2024\/07\/calendrier-scolaire-2023-2024.pdf\">calendrier-scolaire-2023-2024<\/a><\/p>\n\n\n\n<p><a href=\"http:\/\/maitre-d-ecole.net\/wp-content\/uploads\/2024\/08\/calendrier-scolaire-2022-2023.pdf\">calendrier scolaire 2022-2023<\/a><\/p>\n\n\n\n<p><a href=\"http:\/\/maitre-d-ecole.net\/wp-content\/uploads\/2021\/08\/calendrier-scolaire-2021-2022.pdf\">calendrier scolaire 2021-2022<\/a><\/p>\n\n\n\n<p><a href=\"http:\/\/maitre-d-ecole.net\/wp-content\/uploads\/2019\/08\/calendrier_scolaire_2019_2020.pdf\">calendrier scolaire 2020-2021<\/a><\/p>\n\n\n\n<p><a href=\"http:\/\/maitre-d-ecole.net\/wp-content\/uploads\/2019\/08\/calendrier_scolaire_2019_2020.pdf\">calendrier_scolaire_2019_2020<\/a><\/p>\n\n\n\n<p><a href=\"http:\/\/maitre-d-ecole.net\/wp-content\/uploads\/2018\/08\/Calendrier_scolaire_2018_2019.pdf\">calendrier_scolaire_2018_2019<\/a><\/p>\n\n\n\n<p><\/p>\n\n\n\n<p><\/p>\n","protected":false},"excerpt":{"rendered":"<p>Organisation de l\u2019ann\u00e9e 2025-2026 ZONES A B C DE GAUCHE A DROITE Nombre de semaines par p\u00e9riode Septembre \u00e0 Toussaint :&nbsp;&nbsp;&nbsp;&nbsp;&nbsp;&nbsp;&nbsp;&nbsp;&nbsp;&nbsp;&nbsp;&nbsp;&nbsp;&nbsp;&nbsp;&nbsp;&nbsp;&nbsp;&nbsp;&nbsp; 7 semaines Toussaint \u00e0 No\u00ebl :&nbsp;&nbsp;&nbsp;&nbsp;&nbsp;&nbsp;&nbsp;&nbsp;&nbsp;&nbsp;&nbsp;&nbsp;&nbsp;&nbsp;&nbsp;&nbsp;&nbsp;&nbsp;&nbsp;&nbsp;&nbsp;&nbsp;&nbsp;&nbsp;&nbsp;&nbsp;&nbsp;&nbsp;&nbsp; &nbsp; 7 semaines No\u00ebl \u00e0 vacances d\u2019hiver&nbsp;&nbsp;&nbsp;&nbsp;&nbsp;&nbsp;&nbsp;&nbsp; &nbsp;&nbsp;&nbsp;&nbsp;&nbsp;&nbsp;&nbsp;&nbsp;&nbsp;&nbsp;&nbsp; &nbsp; 5&nbsp;\/ 6 \/ 7 semaines Vacances d\u2019hiver \u00e0 vacances de printemps &nbsp; &nbsp;&nbsp;6 semaines Pont de l\u2019Ascension du jeudi &hellip; <\/p>\n<p class=\"link-more\"><a href=\"https:\/\/maitre-d-ecole.net\/?page_id=602\" class=\"more-link\">Continue reading<span class=\"screen-reader-text\"> &#8220;organisation de l&#8217;ann\u00e9e scolaire 2025-26&#8221;<\/span><\/a><\/p>\n","protected":false},"author":1,"featured_media":0,"parent":0,"menu_order":0,"comment_status":"closed","ping_status":"closed","template":"","meta":{"footnotes":""},"_links":{"self":[{"href":"https:\/\/maitre-d-ecole.net\/index.php?rest_route=\/wp\/v2\/pages\/602"}],"collection":[{"href":"https:\/\/maitre-d-ecole.net\/index.php?rest_route=\/wp\/v2\/pages"}],"about":[{"href":"https:\/\/maitre-d-ecole.net\/index.php?rest_route=\/wp\/v2\/types\/page"}],"author":[{"embeddable":true,"href":"https:\/\/maitre-d-ecole.net\/index.php?rest_route=\/wp\/v2\/users\/1"}],"replies":[{"embeddable":true,"href":"https:\/\/maitre-d-ecole.net\/index.php?rest_route=%2Fwp%2Fv2%2Fcomments&post=602"}],"version-history":[{"count":47,"href":"https:\/\/maitre-d-ecole.net\/index.php?rest_route=\/wp\/v2\/pages\/602\/revisions"}],"predecessor-version":[{"id":1609,"href":"https:\/\/maitre-d-ecole.net\/index.php?rest_route=\/wp\/v2\/pages\/602\/revisions\/1609"}],"wp:attachment":[{"href":"https:\/\/maitre-d-ecole.net\/index.php?rest_route=%2Fwp%2Fv2%2Fmedia&parent=602"}],"curies":[{"name":"wp","href":"https:\/\/api.w.org\/{rel}","templated":true}]}}