{"id":163,"date":"2018-09-23T15:17:02","date_gmt":"2018-09-23T13:17:02","guid":{"rendered":"http:\/\/maitre-d-ecole.net\/?page_id=163"},"modified":"2025-08-31T11:25:15","modified_gmt":"2025-08-31T09:25:15","slug":"niveau-avance","status":"publish","type":"page","link":"https:\/\/maitre-d-ecole.net\/?page_id=163","title":{"rendered":"niveau avanc\u00e9"},"content":{"rendered":"\n<p>Listes de mots class\u00e9s par th\u00e8mes.<\/p>\n\n\n\n<p>Mots, exercices de vocabulaire et de grammaire, bas de page \u00e0 d\u00e9corer (sauf noms de fichier en MAJUSCULE qui pr\u00e9sentent juste la liste) :<\/p>\n\n\n\n<p class=\"has-text-align-right\"><a href=\"http:\/\/maitre-d-ecole.net\/?page_id=165\">retour au deuxi\u00e8me niveau<\/a><\/p>\n\n\n\n<p class=\"has-text-align-right\"><a href=\"http:\/\/maitre-d-ecole.net\/?page_id=161\">retour aux premiers mots<\/a><\/p>\n\n\n\n<div class=\"wp-block-group\"><div class=\"wp-block-group__inner-container is-layout-constrained wp-block-group-is-layout-constrained\">\n<div data-wp-interactive=\"core\/file\" class=\"wp-block-file has-white-background-color has-background\"><object data-wp-bind--hidden=\"!state.hasPdfPreview\"  class=\"wp-block-file__embed\" data=\"https:\/\/maitre-d-ecole.net\/wp-content\/uploads\/2025\/08\/LA-SILHOUETTE.pdf\" type=\"application\/pdf\" style=\"width:100%;height:210px\" aria-label=\"Embed of LA-SILHOUETTE.\"><\/object><a id=\"wp-block-file--media-49fe96f7-0164-4602-8859-be5450e27a9d\" href=\"https:\/\/maitre-d-ecole.net\/wp-content\/uploads\/2025\/08\/LA-SILHOUETTE.pdf\">LA-SILHOUETTE<\/a><a href=\"https:\/\/maitre-d-ecole.net\/wp-content\/uploads\/2025\/08\/LA-SILHOUETTE.pdf\" class=\"wp-block-file__button wp-element-button\" download aria-describedby=\"wp-block-file--media-49fe96f7-0164-4602-8859-be5450e27a9d\">Download<\/a><\/div>\n<\/div><\/div>\n\n\n\n<h2 class=\"wp-block-heading\">les autres pages sans aper\u00e7u :<\/h2>\n\n\n\n<p><a href=\"http:\/\/maitre-d-ecole.net\/wp-content\/uploads\/2021\/08\/QUEL-CARACTERE.pdf\">QUEL CARACTERE !<\/a><\/p>\n\n\n\n<p><a href=\"http:\/\/maitre-d-ecole.net\/wp-content\/uploads\/2021\/08\/le-son-k.pdf\">LE SON \/k\/<\/a><\/p>\n\n\n\n<p><a href=\"http:\/\/maitre-d-ecole.net\/wp-content\/uploads\/2021\/08\/la-mer-p1.pdf\">la mer p1<\/a> <a href=\"http:\/\/maitre-d-ecole.net\/wp-content\/uploads\/2021\/08\/la-mer-p2.pdf\">la mer p2<\/a><\/p>\n\n\n\n<p><a href=\"http:\/\/maitre-d-ecole.net\/wp-content\/uploads\/2021\/08\/la-montagne.pdf\">LA MONTAGNE<\/a><\/p>\n\n\n\n<p><a href=\"http:\/\/maitre-d-ecole.net\/wp-content\/uploads\/2021\/08\/les-poissons.pdf\">LES POISSONS<\/a><\/p>\n\n\n\n<p><a href=\"http:\/\/maitre-d-ecole.net\/wp-content\/uploads\/2021\/08\/les-arbres-et-la-foret-p1.pdf\">les arbres et la for\u00eat p1<\/a> <a href=\"http:\/\/maitre-d-ecole.net\/wp-content\/uploads\/2021\/08\/les-arbres-et-la-foret-p2.pdf\">les arbres et la for\u00eat p2<\/a><\/p>\n\n\n\n<p><a href=\"http:\/\/maitre-d-ecole.net\/wp-content\/uploads\/2021\/08\/La-seconde-guerre-mondiale-p1.pdf\">La seconde guerre mondiale p1<\/a> <a href=\"http:\/\/maitre-d-ecole.net\/wp-content\/uploads\/2021\/08\/La-seconde-guerre-mondiale-p2.pdf\">La seconde guerre mondiale p2<\/a>&nbsp;<\/p>\n\n\n\n<p><a href=\"http:\/\/maitre-d-ecole.net\/wp-content\/uploads\/2021\/08\/En-ville1-p1.pdf\">En ville1 la rue p1<\/a> <a href=\"http:\/\/maitre-d-ecole.net\/wp-content\/uploads\/2021\/08\/En-ville1-p2.pdf\">En ville1 la rue p2<\/a><\/p>\n\n\n\n<p><a href=\"http:\/\/maitre-d-ecole.net\/wp-content\/uploads\/2021\/08\/En-ville-2-la-gare-p1.pdf\">En ville 2 la gare p1<\/a> <a href=\"http:\/\/maitre-d-ecole.net\/wp-content\/uploads\/2021\/08\/En-ville2-p2.pdf\">En ville2 la gare p2<\/a><\/p>\n\n\n\n<p><a href=\"http:\/\/maitre-d-ecole.net\/wp-content\/uploads\/2021\/08\/En-ville-3-la-poste-p1.pdf\">En ville 3 la poste p1<\/a> <a href=\"http:\/\/maitre-d-ecole.net\/wp-content\/uploads\/2021\/08\/En-ville-3-la-poste-p2.pdf\">En ville 3 la poste p2<\/a><\/p>\n\n\n\n<p><a href=\"http:\/\/maitre-d-ecole.net\/?page_id=643\">Voir les (pas) &#8216;nouvelles&#8217; r\u00e8gles d&#8217;orthographe<\/a><\/p>\n\n\n\n<p class=\"has-text-align-right\"><a href=\"http:\/\/maitre-d-ecole.net\/?page_id=165\">retour au deuxi\u00e8me niveau<\/a><\/p>\n\n\n\n<p class=\"has-text-align-right\"><a href=\"http:\/\/maitre-d-ecole.net\/?page_id=161\">retour aux premiers mots<\/a><\/p>\n\n\n<div class=\"wp-block-image\">\n<figure class=\"aligncenter is-resized\"><a href=\"http:\/\/maitre-d-ecole.net\/\"><img loading=\"lazy\" decoding=\"async\" width=\"300\" height=\"234\" src=\"http:\/\/maitre-d-ecole.net\/wp-content\/uploads\/2018\/09\/accolades-300x234.png\" alt=\"\" class=\"wp-image-321\" style=\"width:160px;height:auto\" srcset=\"https:\/\/maitre-d-ecole.net\/wp-content\/uploads\/2018\/09\/accolades-300x234.png 300w, https:\/\/maitre-d-ecole.net\/wp-content\/uploads\/2018\/09\/accolades.png 591w\" sizes=\"(max-width: 300px) 100vw, 300px\" \/><\/a><\/figure><\/div>\n\n\n<p class=\"has-text-align-center\"><\/p>\n\n\n\n<p><\/p>\n","protected":false},"excerpt":{"rendered":"<p>Listes de mots class\u00e9s par th\u00e8mes. Mots, exercices de vocabulaire et de grammaire, bas de page \u00e0 d\u00e9corer (sauf noms de fichier en MAJUSCULE qui pr\u00e9sentent juste la liste) : retour au deuxi\u00e8me niveau retour aux premiers mots les autres pages sans aper\u00e7u : QUEL CARACTERE ! LE SON \/k\/ la mer p1 la mer &hellip; <\/p>\n<p class=\"link-more\"><a href=\"https:\/\/maitre-d-ecole.net\/?page_id=163\" class=\"more-link\">Continue reading<span class=\"screen-reader-text\"> &#8220;niveau avanc\u00e9&#8221;<\/span><\/a><\/p>\n","protected":false},"author":1,"featured_media":0,"parent":159,"menu_order":0,"comment_status":"closed","ping_status":"closed","template":"","meta":{"footnotes":""},"_links":{"self":[{"href":"https:\/\/maitre-d-ecole.net\/index.php?rest_route=\/wp\/v2\/pages\/163"}],"collection":[{"href":"https:\/\/maitre-d-ecole.net\/index.php?rest_route=\/wp\/v2\/pages"}],"about":[{"href":"https:\/\/maitre-d-ecole.net\/index.php?rest_route=\/wp\/v2\/types\/page"}],"author":[{"embeddable":true,"href":"https:\/\/maitre-d-ecole.net\/index.php?rest_route=\/wp\/v2\/users\/1"}],"replies":[{"embeddable":true,"href":"https:\/\/maitre-d-ecole.net\/index.php?rest_route=%2Fwp%2Fv2%2Fcomments&post=163"}],"version-history":[{"count":90,"href":"https:\/\/maitre-d-ecole.net\/index.php?rest_route=\/wp\/v2\/pages\/163\/revisions"}],"predecessor-version":[{"id":1682,"href":"https:\/\/maitre-d-ecole.net\/index.php?rest_route=\/wp\/v2\/pages\/163\/revisions\/1682"}],"up":[{"embeddable":true,"href":"https:\/\/maitre-d-ecole.net\/index.php?rest_route=\/wp\/v2\/pages\/159"}],"wp:attachment":[{"href":"https:\/\/maitre-d-ecole.net\/index.php?rest_route=%2Fwp%2Fv2%2Fmedia&parent=163"}],"curies":[{"name":"wp","href":"https:\/\/api.w.org\/{rel}","templated":true}]}}