{"id":161,"date":"2018-09-23T10:10:23","date_gmt":"2018-09-23T08:10:23","guid":{"rendered":"http:\/\/maitre-d-ecole.net\/?page_id=161"},"modified":"2024-07-30T17:17:07","modified_gmt":"2024-07-30T15:17:07","slug":"premiers-mots","status":"publish","type":"page","link":"https:\/\/maitre-d-ecole.net\/?page_id=161","title":{"rendered":"premiers mots"},"content":{"rendered":"<p>POUR COMMENCER : des ensembles de mots d&#8217;un site ami \u00e0 apprendre quotidiennement. On peut augmenter la dose de vocabulaire quotidien pour \u00e9puiser plus vite les mots du CE1. Pas en CP, quand m\u00eame !<\/p>\n<p><a href=\"http:\/\/ekladata.com\/TIiN1XwvLz1xdsiOeVvmi3R2D2k\/Tresor-des-mots-CP.pdf\">mots pour le CP sur un site ami<\/a><\/p>\n<p><a href=\"http:\/\/ekladata.com\/t3wj-PAG5yw6HhqelBtDBM-Txl4\/le-tresor-des-motsOUTILSversionTaoki.pdf\">mots pour le CE1 d&#8217;un site ami<\/a><\/p>\n<p>POUR LA SUITE : listes courtes class\u00e9es par th\u00e8mes :<\/p>\n<p><a href=\"http:\/\/maitre-d-ecole.net\/wp-content\/uploads\/2021\/08\/la-maison.pdf\">la maison<\/a><\/p>\n<p><a href=\"http:\/\/maitre-d-ecole.net\/wp-content\/uploads\/2021\/08\/les-accents.pdf\">les accents<\/a><\/p>\n<p><a href=\"http:\/\/maitre-d-ecole.net\/wp-content\/uploads\/2021\/08\/la-Terre-et-les-planetes.pdf\">la Terre et les plan\u00e8tes<\/a><\/p>\n<p><a href=\"http:\/\/maitre-d-ecole.net\/wp-content\/uploads\/2021\/08\/au-club-de-sport.pdf\">au club de sport<\/a><\/p>\n<p><a href=\"http:\/\/maitre-d-ecole.net\/wp-content\/uploads\/2021\/08\/a-lecole-primaire.pdf\">\u00e0 l&#8217;\u00e9cole primaire<\/a><\/p>\n<p><a href=\"http:\/\/maitre-d-ecole.net\/wp-content\/uploads\/2019\/05\/dans-la-cour.pdf\">dans la cour<\/a><\/p>\n<p><a href=\"http:\/\/maitre-d-ecole.net\/wp-content\/uploads\/2021\/08\/dans-la-chambre.pdf\">dans la chambre<\/a><\/p>\n<p><a href=\"http:\/\/maitre-d-ecole.net\/wp-content\/uploads\/2019\/05\/A-la-piscine.pdf\">\u00e0 la piscine<\/a><\/p>\n<p><a href=\"http:\/\/maitre-d-ecole.net\/wp-content\/uploads\/2021\/08\/au-parc.pdf\">au parc<\/a><\/p>\n<p style=\"text-align: center;\">PASSER ENSUITE AU <a href=\"http:\/\/maitre-d-ecole.net\/?page_id=165\">DEUXIEME NIVEAU<\/a><\/p>\n<p style=\"text-align: center;\"><a href=\"http:\/\/maitre-d-ecole.net\/\"><img loading=\"lazy\" decoding=\"async\" class=\"alignnone  wp-image-322\" src=\"http:\/\/maitre-d-ecole.net\/wp-content\/uploads\/2018\/09\/ardoise-biais-300x208.png\" alt=\"\" width=\"134\" height=\"93\" srcset=\"https:\/\/maitre-d-ecole.net\/wp-content\/uploads\/2018\/09\/ardoise-biais-300x208.png 300w, https:\/\/maitre-d-ecole.net\/wp-content\/uploads\/2018\/09\/ardoise-biais.png 472w\" sizes=\"(max-width: 134px) 100vw, 134px\" \/><\/a><\/p>\n\n\n<p><\/p>\n","protected":false},"excerpt":{"rendered":"<p>POUR COMMENCER : des ensembles de mots d&#8217;un site ami \u00e0 apprendre quotidiennement. On peut augmenter la dose de vocabulaire quotidien pour \u00e9puiser plus vite les mots du CE1. Pas en CP, quand m\u00eame ! mots pour le CP sur un site ami mots pour le CE1 d&#8217;un site ami POUR LA SUITE : listes &hellip; <\/p>\n<p class=\"link-more\"><a href=\"https:\/\/maitre-d-ecole.net\/?page_id=161\" class=\"more-link\">Continue reading<span class=\"screen-reader-text\"> &#8220;premiers mots&#8221;<\/span><\/a><\/p>\n","protected":false},"author":1,"featured_media":0,"parent":159,"menu_order":0,"comment_status":"closed","ping_status":"closed","template":"","meta":{"footnotes":""},"_links":{"self":[{"href":"https:\/\/maitre-d-ecole.net\/index.php?rest_route=\/wp\/v2\/pages\/161"}],"collection":[{"href":"https:\/\/maitre-d-ecole.net\/index.php?rest_route=\/wp\/v2\/pages"}],"about":[{"href":"https:\/\/maitre-d-ecole.net\/index.php?rest_route=\/wp\/v2\/types\/page"}],"author":[{"embeddable":true,"href":"https:\/\/maitre-d-ecole.net\/index.php?rest_route=\/wp\/v2\/users\/1"}],"replies":[{"embeddable":true,"href":"https:\/\/maitre-d-ecole.net\/index.php?rest_route=%2Fwp%2Fv2%2Fcomments&post=161"}],"version-history":[{"count":19,"href":"https:\/\/maitre-d-ecole.net\/index.php?rest_route=\/wp\/v2\/pages\/161\/revisions"}],"predecessor-version":[{"id":1317,"href":"https:\/\/maitre-d-ecole.net\/index.php?rest_route=\/wp\/v2\/pages\/161\/revisions\/1317"}],"up":[{"embeddable":true,"href":"https:\/\/maitre-d-ecole.net\/index.php?rest_route=\/wp\/v2\/pages\/159"}],"wp:attachment":[{"href":"https:\/\/maitre-d-ecole.net\/index.php?rest_route=%2Fwp%2Fv2%2Fmedia&parent=161"}],"curies":[{"name":"wp","href":"https:\/\/api.w.org\/{rel}","templated":true}]}}