{"id":1352,"date":"2024-07-30T22:19:03","date_gmt":"2024-07-30T20:19:03","guid":{"rendered":"http:\/\/maitre-d-ecole.net\/?page_id=1352"},"modified":"2024-08-04T14:49:50","modified_gmt":"2024-08-04T12:49:50","slug":"petits-signes-bien-pratiques","status":"publish","type":"page","link":"https:\/\/maitre-d-ecole.net\/?page_id=1352","title":{"rendered":"la ponctuation et les accents"},"content":{"rendered":"\n<p><\/p>\n\n\n\n<h2 class=\"wp-block-heading has-text-align-right\"><strong>la <mark style=\"background-color:rgba(0, 0, 0, 0)\" class=\"has-inline-color has-pale-pink-color\">ponctuation<\/mark><\/strong> : comment \u00e7a s&#8217;appelle (affichette)<\/h2>\n\n\n\n<p><\/p>\n\n\n\n<div data-wp-interactive=\"core\/file\" class=\"wp-block-file\"><object data-wp-bind--hidden=\"!state.hasPdfPreview\"  class=\"wp-block-file__embed\" data=\"http:\/\/maitre-d-ecole.net\/wp-content\/uploads\/2024\/08\/la-ponctuation-en-affichette.pdf\" type=\"application\/pdf\" style=\"width:100%;height:250px\" aria-label=\"Embed of la ponctuation en affichette.\"><\/object><a id=\"wp-block-file--media-43c23347-eb3f-432b-963a-549f738b2a20\" href=\"http:\/\/maitre-d-ecole.net\/wp-content\/uploads\/2024\/08\/la-ponctuation-en-affichette.pdf\">la ponctuation en affichette<\/a><a href=\"http:\/\/maitre-d-ecole.net\/wp-content\/uploads\/2024\/08\/la-ponctuation-en-affichette.pdf\" class=\"wp-block-file__button wp-element-button\" download aria-describedby=\"wp-block-file--media-43c23347-eb3f-432b-963a-549f738b2a20\">Download<\/a><\/div>\n\n\n\n<p><\/p>\n\n\n\n<h2 class=\"wp-block-heading has-text-align-right\"><strong>la <mark style=\"background-color:rgba(0, 0, 0, 0)\" class=\"has-inline-color has-pale-cyan-blue-color\">ponctuation<\/mark><\/strong> : \u00e0 quoi \u00e7a sert (m\u00e9mo ou affichette)<\/h2>\n\n\n\n<div data-wp-interactive=\"core\/file\" class=\"wp-block-file\"><object data-wp-bind--hidden=\"!state.hasPdfPreview\"  class=\"wp-block-file__embed\" data=\"http:\/\/maitre-d-ecole.net\/wp-content\/uploads\/2024\/08\/la-Ponctuation-utilisation-en-affichette.pdf\" type=\"application\/pdf\" style=\"width:100%;height:360px\" aria-label=\"Embed of la Ponctuation utilisation en affichette.\"><\/object><a id=\"wp-block-file--media-5e5baeb0-587a-42e4-ac80-d2a5ae3382d8\" href=\"http:\/\/maitre-d-ecole.net\/wp-content\/uploads\/2024\/08\/la-Ponctuation-utilisation-en-affichette.pdf\">la Ponctuation utilisation en affichette<\/a><a href=\"http:\/\/maitre-d-ecole.net\/wp-content\/uploads\/2024\/08\/la-Ponctuation-utilisation-en-affichette.pdf\" class=\"wp-block-file__button wp-element-button\" download aria-describedby=\"wp-block-file--media-5e5baeb0-587a-42e4-ac80-d2a5ae3382d8\">Download<\/a><\/div>\n\n\n\n<p><\/p>\n\n\n\n<h2 class=\"wp-block-heading has-text-align-right\"><strong>les <mark style=\"background-color:rgba(0, 0, 0, 0)\" class=\"has-inline-color has-vivid-green-cyan-color\">accents<\/mark><\/strong> : comment \u00e7a s&#8217;appelle (affichette)<\/h2>\n\n\n\n<div data-wp-interactive=\"core\/file\" class=\"wp-block-file\"><object data-wp-bind--hidden=\"!state.hasPdfPreview\"  class=\"wp-block-file__embed\" data=\"http:\/\/maitre-d-ecole.net\/wp-content\/uploads\/2024\/08\/les-accents-en-affichette.pdf\" type=\"application\/pdf\" style=\"width:100%;height:460px\" aria-label=\"Embed of les accents en affichette.\"><\/object><a id=\"wp-block-file--media-ab0dfaaf-3b0b-4ef0-9053-6b1dc5db2ebb\" href=\"http:\/\/maitre-d-ecole.net\/wp-content\/uploads\/2024\/08\/les-accents-en-affichette.pdf\">les accents en affichette<\/a><a href=\"http:\/\/maitre-d-ecole.net\/wp-content\/uploads\/2024\/08\/les-accents-en-affichette.pdf\" class=\"wp-block-file__button wp-element-button\" download aria-describedby=\"wp-block-file--media-ab0dfaaf-3b0b-4ef0-9053-6b1dc5db2ebb\">Download<\/a><\/div>\n\n\n\n<p><\/p>\n\n\n\n<h2 class=\"wp-block-heading has-text-align-center\"><strong>au fait :<\/strong><\/h2>\n\n\n\n<p>les <a href=\"http:\/\/maitre-d-ecole.net\/?page_id=643\">nouvelles<\/a> (ou presque) <a href=\"http:\/\/maitre-d-ecole.net\/?page_id=643\">r\u00e8gles<\/a> concernant les accents sont <a href=\"http:\/\/maitre-d-ecole.net\/?page_id=643\">ici<\/a>.<\/p>\n","protected":false},"excerpt":{"rendered":"<p>la ponctuation : comment \u00e7a s&#8217;appelle (affichette) la ponctuation : \u00e0 quoi \u00e7a sert (m\u00e9mo ou affichette) les accents : comment \u00e7a s&#8217;appelle (affichette) au fait : les nouvelles (ou presque) r\u00e8gles concernant les accents sont ici.<\/p>\n","protected":false},"author":1,"featured_media":0,"parent":0,"menu_order":0,"comment_status":"closed","ping_status":"closed","template":"","meta":{"footnotes":""},"_links":{"self":[{"href":"https:\/\/maitre-d-ecole.net\/index.php?rest_route=\/wp\/v2\/pages\/1352"}],"collection":[{"href":"https:\/\/maitre-d-ecole.net\/index.php?rest_route=\/wp\/v2\/pages"}],"about":[{"href":"https:\/\/maitre-d-ecole.net\/index.php?rest_route=\/wp\/v2\/types\/page"}],"author":[{"embeddable":true,"href":"https:\/\/maitre-d-ecole.net\/index.php?rest_route=\/wp\/v2\/users\/1"}],"replies":[{"embeddable":true,"href":"https:\/\/maitre-d-ecole.net\/index.php?rest_route=%2Fwp%2Fv2%2Fcomments&post=1352"}],"version-history":[{"count":23,"href":"https:\/\/maitre-d-ecole.net\/index.php?rest_route=\/wp\/v2\/pages\/1352\/revisions"}],"predecessor-version":[{"id":1550,"href":"https:\/\/maitre-d-ecole.net\/index.php?rest_route=\/wp\/v2\/pages\/1352\/revisions\/1550"}],"wp:attachment":[{"href":"https:\/\/maitre-d-ecole.net\/index.php?rest_route=%2Fwp%2Fv2%2Fmedia&parent=1352"}],"curies":[{"name":"wp","href":"https:\/\/api.w.org\/{rel}","templated":true}]}}