{"id":1346,"date":"2024-07-30T22:17:55","date_gmt":"2024-07-30T20:17:55","guid":{"rendered":"http:\/\/maitre-d-ecole.net\/?page_id=1346"},"modified":"2024-08-04T14:28:53","modified_gmt":"2024-08-04T12:28:53","slug":"conjugaison","status":"publish","type":"page","link":"https:\/\/maitre-d-ecole.net\/?page_id=1346","title":{"rendered":"CONJUGAISON"},"content":{"rendered":"\n<h2 class=\"wp-block-heading\"><strong>L&#8217;essentiel de la <mark style=\"background-color:rgba(0, 0, 0, 0)\" class=\"has-inline-color has-pale-pink-color\">conjugaison<\/mark><\/strong> : affichette<\/h2>\n\n\n\n<div data-wp-interactive=\"core\/file\" class=\"wp-block-file\"><object data-wp-bind--hidden=\"!state.hasPdfPreview\"  class=\"wp-block-file__embed\" data=\"http:\/\/maitre-d-ecole.net\/wp-content\/uploads\/2019\/02\/Lessentiel-de-la-conjugaison.pdf\" type=\"application\/pdf\" style=\"width:100%;height:250px\" aria-label=\"Embed of L'essentiel de la conjugaison.\"><\/object><a id=\"wp-block-file--media-084477b5-0e5d-4eb1-8082-d264a3b91f12\" href=\"http:\/\/maitre-d-ecole.net\/wp-content\/uploads\/2019\/02\/Lessentiel-de-la-conjugaison.pdf\">L&#8217;essentiel de la conjugaison<\/a><a href=\"http:\/\/maitre-d-ecole.net\/wp-content\/uploads\/2019\/02\/Lessentiel-de-la-conjugaison.pdf\" class=\"wp-block-file__button wp-element-button\" download aria-describedby=\"wp-block-file--media-084477b5-0e5d-4eb1-8082-d264a3b91f12\">Download<\/a><\/div>\n\n\n\n<h2 class=\"wp-block-heading\"><strong>conjugaison du <mark style=\"background-color:rgba(0, 0, 0, 0)\" class=\"has-inline-color has-luminous-vivid-amber-color\">pr\u00e9sent<\/mark><\/strong> de l&#8217;indicatif : m\u00e9mo ou affichette<\/h2>\n\n\n\n<div data-wp-interactive=\"core\/file\" class=\"wp-block-file\"><object data-wp-bind--hidden=\"!state.hasPdfPreview\"  class=\"wp-block-file__embed\" data=\"http:\/\/maitre-d-ecole.net\/wp-content\/uploads\/2019\/02\/m\u00e9mo-conjugaison-pr\u00e9sent.pdf\" type=\"application\/pdf\" style=\"width:100%;height:290px\" aria-label=\"Embed of m\u00e9mo conjugaison pr\u00e9sent.\"><\/object><a id=\"wp-block-file--media-28df82f8-f970-4b2e-8b5b-096b8ee1172e\" href=\"http:\/\/maitre-d-ecole.net\/wp-content\/uploads\/2019\/02\/m\u00e9mo-conjugaison-pr\u00e9sent.pdf\">m\u00e9mo conjugaison pr\u00e9sent<\/a><a href=\"http:\/\/maitre-d-ecole.net\/wp-content\/uploads\/2019\/02\/m\u00e9mo-conjugaison-pr\u00e9sent.pdf\" class=\"wp-block-file__button wp-element-button\" download aria-describedby=\"wp-block-file--media-28df82f8-f970-4b2e-8b5b-096b8ee1172e\">Download<\/a><\/div>\n\n\n\n<h2 class=\"wp-block-heading\">les <strong>terminaisons du <mark style=\"background-color:rgba(0, 0, 0, 0)\" class=\"has-inline-color has-vivid-green-cyan-color\">futur<\/mark> <\/strong>simple de l&#8217;indicatif : affichette<\/h2>\n\n\n\n<div data-wp-interactive=\"core\/file\" class=\"wp-block-file\"><object data-wp-bind--hidden=\"!state.hasPdfPreview\"  class=\"wp-block-file__embed\" data=\"http:\/\/maitre-d-ecole.net\/wp-content\/uploads\/2019\/05\/terminaisons-du-futur-simple.pdf\" type=\"application\/pdf\" style=\"width:100%;height:360px\" aria-label=\"Embed of terminaisons du futur simple.\"><\/object><a id=\"wp-block-file--media-89a6e86d-b949-4984-8609-6fb7caa16d82\" href=\"http:\/\/maitre-d-ecole.net\/wp-content\/uploads\/2019\/05\/terminaisons-du-futur-simple.pdf\">terminaisons du futur simple<\/a><a href=\"http:\/\/maitre-d-ecole.net\/wp-content\/uploads\/2019\/05\/terminaisons-du-futur-simple.pdf\" class=\"wp-block-file__button wp-element-button\" download aria-describedby=\"wp-block-file--media-89a6e86d-b949-4984-8609-6fb7caa16d82\">Download<\/a><\/div>\n\n\n\n<h2 class=\"wp-block-heading\"><strong>Conjugaison au <mark style=\"background-color:rgba(0, 0, 0, 0)\" class=\"has-inline-color has-pale-cyan-blue-color\">pr\u00e9sent<\/mark>, \u00e0 l&#8217;<mark style=\"background-color:rgba(0, 0, 0, 0)\" class=\"has-inline-color has-vivid-cyan-blue-color\">imparfait<\/mark> et au <mark style=\"background-color:rgba(0, 0, 0, 0)\" class=\"has-inline-color has-vivid-purple-color\">futur<\/mark><\/strong> de l&#8217;indicatif : m\u00e9mo ou affichette<\/h2>\n\n\n\n<div data-wp-interactive=\"core\/file\" class=\"wp-block-file\"><object data-wp-bind--hidden=\"!state.hasPdfPreview\"  class=\"wp-block-file__embed\" data=\"http:\/\/maitre-d-ecole.net\/wp-content\/uploads\/2019\/02\/m\u00e9mo-conjugaison-pr\u00e9sent-imparfait-futur.pdf\" type=\"application\/pdf\" style=\"width:100%;height:440px\" aria-label=\"Embed of m\u00e9mo conjugaison pr\u00e9sent imparfait futur.\"><\/object><a id=\"wp-block-file--media-0d7e40c4-f639-4d55-86ac-65744998b2b0\" href=\"http:\/\/maitre-d-ecole.net\/wp-content\/uploads\/2019\/02\/m\u00e9mo-conjugaison-pr\u00e9sent-imparfait-futur.pdf\">m\u00e9mo conjugaison pr\u00e9sent imparfait futur<\/a><a href=\"http:\/\/maitre-d-ecole.net\/wp-content\/uploads\/2019\/02\/m\u00e9mo-conjugaison-pr\u00e9sent-imparfait-futur.pdf\" class=\"wp-block-file__button wp-element-button\" download aria-describedby=\"wp-block-file--media-0d7e40c4-f639-4d55-86ac-65744998b2b0\">Download<\/a><\/div>\n\n\n\n<p><\/p>\n\n\n\n<h2 class=\"wp-block-heading\"><strong>terminaisons de l&#8217;<mark style=\"background-color:rgba(0, 0, 0, 0)\" class=\"has-inline-color has-vivid-cyan-blue-color\">imparfait<\/mark><\/strong> : affichette<\/h2>\n\n\n\n<div data-wp-interactive=\"core\/file\" class=\"wp-block-file\"><object data-wp-bind--hidden=\"!state.hasPdfPreview\"  class=\"wp-block-file__embed\" data=\"http:\/\/maitre-d-ecole.net\/wp-content\/uploads\/2019\/05\/terminaisons-de-limparfait.pdf\" type=\"application\/pdf\" style=\"width:100%;height:350px\" aria-label=\"Embed of terminaisons de l'imparfait.\"><\/object><a id=\"wp-block-file--media-46e26472-18b9-46f5-b937-cf3b519ec1d1\" href=\"http:\/\/maitre-d-ecole.net\/wp-content\/uploads\/2019\/05\/terminaisons-de-limparfait.pdf\">terminaisons de l&#8217;imparfait<\/a><a href=\"http:\/\/maitre-d-ecole.net\/wp-content\/uploads\/2019\/05\/terminaisons-de-limparfait.pdf\" class=\"wp-block-file__button wp-element-button\" download aria-describedby=\"wp-block-file--media-46e26472-18b9-46f5-b937-cf3b519ec1d1\">Download<\/a><\/div>\n\n\n\n<h2 class=\"wp-block-heading\"><strong>l&#8217;<mark style=\"background-color:rgba(0, 0, 0, 0)\" class=\"has-inline-color has-pale-pink-color\">imparfait<\/mark><\/strong> de l&#8217;indicatif des verbes <strong>du <mark style=\"background-color:rgba(0, 0, 0, 0)\" class=\"has-inline-color has-vivid-red-color\">3e groupe<\/mark><\/strong> : m\u00e9mo<\/h2>\n\n\n\n<div data-wp-interactive=\"core\/file\" class=\"wp-block-file\"><object data-wp-bind--hidden=\"!state.hasPdfPreview\"  class=\"wp-block-file__embed\" data=\"http:\/\/maitre-d-ecole.net\/wp-content\/uploads\/2019\/02\/Limparfait-des-verbes-du-3e-gp.pdf\" type=\"application\/pdf\" style=\"width:100%;height:320px\" aria-label=\"Embed of L'imparfait des verbes du 3e gp.\"><\/object><a id=\"wp-block-file--media-90fbf9bb-58b2-4389-a18a-ff46f10976b5\" href=\"http:\/\/maitre-d-ecole.net\/wp-content\/uploads\/2019\/02\/Limparfait-des-verbes-du-3e-gp.pdf\">L&#8217;imparfait des verbes du 3e gp<\/a><a href=\"http:\/\/maitre-d-ecole.net\/wp-content\/uploads\/2019\/02\/Limparfait-des-verbes-du-3e-gp.pdf\" class=\"wp-block-file__button wp-element-button\" download aria-describedby=\"wp-block-file--media-90fbf9bb-58b2-4389-a18a-ff46f10976b5\">Download<\/a><\/div>\n\n\n\n<h2 class=\"wp-block-heading\"><strong>le <mark style=\"background-color:rgba(0, 0, 0, 0)\" class=\"has-inline-color has-vivid-green-cyan-color\">pass\u00e9 compos\u00e9<\/mark> <\/strong>de l&#8217;indicatif : m\u00e9mo<\/h2>\n\n\n\n<div data-wp-interactive=\"core\/file\" class=\"wp-block-file\"><object data-wp-bind--hidden=\"!state.hasPdfPreview\"  class=\"wp-block-file__embed\" data=\"http:\/\/maitre-d-ecole.net\/wp-content\/uploads\/2019\/05\/pass\u00e9-compos\u00e9.pdf\" type=\"application\/pdf\" style=\"width:100%;height:320px\" aria-label=\"Embed of pass\u00e9 compos\u00e9.\"><\/object><a id=\"wp-block-file--media-4e3ae520-f426-40d3-84ef-c6f74eadb62f\" href=\"http:\/\/maitre-d-ecole.net\/wp-content\/uploads\/2019\/05\/pass\u00e9-compos\u00e9.pdf\">pass\u00e9 compos\u00e9<\/a><a href=\"http:\/\/maitre-d-ecole.net\/wp-content\/uploads\/2019\/05\/pass\u00e9-compos\u00e9.pdf\" class=\"wp-block-file__button wp-element-button\" download aria-describedby=\"wp-block-file--media-4e3ae520-f426-40d3-84ef-c6f74eadb62f\">Download<\/a><\/div>\n\n\n\n<p><\/p>\n","protected":false},"excerpt":{"rendered":"<p>L&#8217;essentiel de la conjugaison : affichette conjugaison du pr\u00e9sent de l&#8217;indicatif : m\u00e9mo ou affichette les terminaisons du futur simple de l&#8217;indicatif : affichette Conjugaison au pr\u00e9sent, \u00e0 l&#8217;imparfait et au futur de l&#8217;indicatif : m\u00e9mo ou affichette terminaisons de l&#8217;imparfait : affichette l&#8217;imparfait de l&#8217;indicatif des verbes du 3e groupe : m\u00e9mo le pass\u00e9 &hellip; <\/p>\n<p class=\"link-more\"><a href=\"https:\/\/maitre-d-ecole.net\/?page_id=1346\" class=\"more-link\">Continue reading<span class=\"screen-reader-text\"> &#8220;CONJUGAISON&#8221;<\/span><\/a><\/p>\n","protected":false},"author":1,"featured_media":0,"parent":0,"menu_order":0,"comment_status":"closed","ping_status":"closed","template":"","meta":{"footnotes":""},"_links":{"self":[{"href":"https:\/\/maitre-d-ecole.net\/index.php?rest_route=\/wp\/v2\/pages\/1346"}],"collection":[{"href":"https:\/\/maitre-d-ecole.net\/index.php?rest_route=\/wp\/v2\/pages"}],"about":[{"href":"https:\/\/maitre-d-ecole.net\/index.php?rest_route=\/wp\/v2\/types\/page"}],"author":[{"embeddable":true,"href":"https:\/\/maitre-d-ecole.net\/index.php?rest_route=\/wp\/v2\/users\/1"}],"replies":[{"embeddable":true,"href":"https:\/\/maitre-d-ecole.net\/index.php?rest_route=%2Fwp%2Fv2%2Fcomments&post=1346"}],"version-history":[{"count":6,"href":"https:\/\/maitre-d-ecole.net\/index.php?rest_route=\/wp\/v2\/pages\/1346\/revisions"}],"predecessor-version":[{"id":1539,"href":"https:\/\/maitre-d-ecole.net\/index.php?rest_route=\/wp\/v2\/pages\/1346\/revisions\/1539"}],"wp:attachment":[{"href":"https:\/\/maitre-d-ecole.net\/index.php?rest_route=%2Fwp%2Fv2%2Fmedia&parent=1346"}],"curies":[{"name":"wp","href":"https:\/\/api.w.org\/{rel}","templated":true}]}}