{"id":1330,"date":"2024-07-30T18:56:51","date_gmt":"2024-07-30T16:56:51","guid":{"rendered":"http:\/\/maitre-d-ecole.net\/?page_id=1330"},"modified":"2024-08-04T15:08:54","modified_gmt":"2024-08-04T13:08:54","slug":"geometrie","status":"publish","type":"page","link":"https:\/\/maitre-d-ecole.net\/?page_id=1330","title":{"rendered":"GEOMETRIE"},"content":{"rendered":"\n<h2 class=\"wp-block-heading has-text-align-center\"><strong><mark style=\"background-color:rgba(0, 0, 0, 0)\" class=\"has-inline-color has-pale-pink-color\">GEOMETRIE PLANE<\/mark><\/strong> (en 2 dimensions)<\/h2>\n\n\n\n<p><\/p>\n\n\n\n<h2 class=\"wp-block-heading\"><strong>les <mark style=\"background-color:rgba(0, 0, 0, 0)\" class=\"has-inline-color has-vivid-red-color\">angles<\/mark><\/strong> : affichette<\/h2>\n\n\n\n<div data-wp-interactive=\"core\/file\" class=\"wp-block-file\"><object data-wp-bind--hidden=\"!state.hasPdfPreview\"  class=\"wp-block-file__embed\" data=\"http:\/\/maitre-d-ecole.net\/wp-content\/uploads\/2024\/08\/les-angles-en-affichette.pdf\" type=\"application\/pdf\" style=\"width:100%;height:380px\" aria-label=\"Embed of les angles en affichette.\"><\/object><a id=\"wp-block-file--media-61a342d4-0b07-4803-aef3-ff50679d03ed\" href=\"http:\/\/maitre-d-ecole.net\/wp-content\/uploads\/2024\/08\/les-angles-en-affichette.pdf\">les angles en affichette<\/a><a href=\"http:\/\/maitre-d-ecole.net\/wp-content\/uploads\/2024\/08\/les-angles-en-affichette.pdf\" class=\"wp-block-file__button wp-element-button\" download aria-describedby=\"wp-block-file--media-61a342d4-0b07-4803-aef3-ff50679d03ed\">Download<\/a><\/div>\n\n\n\n<p><\/p>\n\n\n\n<h2 class=\"wp-block-heading has-text-align-right\"><strong>le <mark style=\"background-color:rgba(0, 0, 0, 0)\" class=\"has-inline-color has-pale-pink-color\">triangle<\/mark> quelconque (ou <mark style=\"background-color:rgba(0, 0, 0, 0)\" class=\"has-inline-color has-vivid-red-color\">scal\u00e8ne<\/mark>) <\/strong>: affichette<\/h2>\n\n\n\n<div data-wp-interactive=\"core\/file\" class=\"wp-block-file\"><object data-wp-bind--hidden=\"!state.hasPdfPreview\"  class=\"wp-block-file__embed\" data=\"http:\/\/maitre-d-ecole.net\/wp-content\/uploads\/2020\/05\/triangle-scal\u00e8ne.pdf\" type=\"application\/pdf\" style=\"width:100%;height:340px\" aria-label=\"Embed of triangle scal\u00e8ne.\"><\/object><a id=\"wp-block-file--media-cc67b060-4d28-4e3d-ba58-51b06d8ed118\" href=\"http:\/\/maitre-d-ecole.net\/wp-content\/uploads\/2020\/05\/triangle-scal\u00e8ne.pdf\">triangle scal\u00e8ne<\/a><a href=\"http:\/\/maitre-d-ecole.net\/wp-content\/uploads\/2020\/05\/triangle-scal\u00e8ne.pdf\" class=\"wp-block-file__button wp-element-button\" download aria-describedby=\"wp-block-file--media-cc67b060-4d28-4e3d-ba58-51b06d8ed118\">Download<\/a><\/div>\n\n\n\n<p><\/p>\n\n\n\n<h2 class=\"wp-block-heading\"><strong>le <mark style=\"background-color:rgba(0, 0, 0, 0)\" class=\"has-inline-color has-luminous-vivid-amber-color\">triangle rectangle<\/mark><\/strong> (affichette)<\/h2>\n\n\n\n<div data-wp-interactive=\"core\/file\" class=\"wp-block-file\"><object data-wp-bind--hidden=\"!state.hasPdfPreview\"  class=\"wp-block-file__embed\" data=\"http:\/\/maitre-d-ecole.net\/wp-content\/uploads\/2020\/05\/triangle-rectangle.pdf\" type=\"application\/pdf\" style=\"width:100%;height:420px\" aria-label=\"Embed of triangle rectangle.\"><\/object><a id=\"wp-block-file--media-2e0c67eb-27cd-4557-8255-beec7b26afed\" href=\"http:\/\/maitre-d-ecole.net\/wp-content\/uploads\/2020\/05\/triangle-rectangle.pdf\">triangle rectangle<\/a><a href=\"http:\/\/maitre-d-ecole.net\/wp-content\/uploads\/2020\/05\/triangle-rectangle.pdf\" class=\"wp-block-file__button wp-element-button\" download aria-describedby=\"wp-block-file--media-2e0c67eb-27cd-4557-8255-beec7b26afed\">Download<\/a><\/div>\n\n\n\n<h2 class=\"wp-block-heading\"><strong>le <mark style=\"background-color:rgba(0, 0, 0, 0)\" class=\"has-inline-color has-light-green-cyan-color\">triangle isoc\u00e8le<\/mark><\/strong> (affichette) <\/h2>\n\n\n\n<div data-wp-interactive=\"core\/file\" class=\"wp-block-file\"><object data-wp-bind--hidden=\"!state.hasPdfPreview\"  class=\"wp-block-file__embed\" data=\"http:\/\/maitre-d-ecole.net\/wp-content\/uploads\/2020\/05\/triangle-isoc\u00e8le.pdf\" type=\"application\/pdf\" style=\"width:100%;height:380px\" aria-label=\"Embed of triangle isoc\u00e8le.\"><\/object><a id=\"wp-block-file--media-53bc3a4e-3a0c-4803-81fc-8c70f304b138\" href=\"http:\/\/maitre-d-ecole.net\/wp-content\/uploads\/2020\/05\/triangle-isoc\u00e8le.pdf\">triangle isoc\u00e8le<\/a><a href=\"http:\/\/maitre-d-ecole.net\/wp-content\/uploads\/2020\/05\/triangle-isoc\u00e8le.pdf\" class=\"wp-block-file__button wp-element-button\" download aria-describedby=\"wp-block-file--media-53bc3a4e-3a0c-4803-81fc-8c70f304b138\">Download<\/a><\/div>\n\n\n\n<h2 class=\"wp-block-heading\"><strong>le <mark style=\"background-color:rgba(0, 0, 0, 0)\" class=\"has-inline-color has-vivid-red-color\">triangle \u00e9quilat\u00e9ral<\/mark><\/strong> (affichette)<\/h2>\n\n\n\n<div data-wp-interactive=\"core\/file\" class=\"wp-block-file\"><object data-wp-bind--hidden=\"!state.hasPdfPreview\"  class=\"wp-block-file__embed\" data=\"http:\/\/maitre-d-ecole.net\/wp-content\/uploads\/2020\/05\/triangle-\u00e9quilat\u00e9ral.pdf\" type=\"application\/pdf\" style=\"width:100%;height:370px\" aria-label=\"Embed of triangle \u00e9quilat\u00e9ral.\"><\/object><a id=\"wp-block-file--media-f1fc8b8c-98c4-4582-8fe5-8326096f0e2e\" href=\"http:\/\/maitre-d-ecole.net\/wp-content\/uploads\/2020\/05\/triangle-\u00e9quilat\u00e9ral.pdf\">triangle \u00e9quilat\u00e9ral<\/a><a href=\"http:\/\/maitre-d-ecole.net\/wp-content\/uploads\/2020\/05\/triangle-\u00e9quilat\u00e9ral.pdf\" class=\"wp-block-file__button wp-element-button\" download aria-describedby=\"wp-block-file--media-f1fc8b8c-98c4-4582-8fe5-8326096f0e2e\">Download<\/a><\/div>\n\n\n\n<p><\/p>\n\n\n\n<h2 class=\"wp-block-heading has-text-align-center\"><strong>les <mark style=\"background-color:rgba(0, 0, 0, 0)\" class=\"has-inline-color has-cyan-bluish-gray-color\">quadrilat\u00e8res particuliers<\/mark><\/strong> (m\u00e9mo ou affichette)<\/h2>\n\n\n\n<div data-wp-interactive=\"core\/file\" class=\"wp-block-file\"><object data-wp-bind--hidden=\"!state.hasPdfPreview\"  class=\"wp-block-file__embed\" data=\"http:\/\/maitre-d-ecole.net\/wp-content\/uploads\/2019\/02\/Les-quadrilat\u00e8res-particuliers.pdf\" type=\"application\/pdf\" style=\"width:100%;height:420px\" aria-label=\"Embed of Les quadrilat\u00e8res particuliers.\"><\/object><a id=\"wp-block-file--media-0530b9c3-6c60-4005-94dd-914010c29c77\" href=\"http:\/\/maitre-d-ecole.net\/wp-content\/uploads\/2019\/02\/Les-quadrilat\u00e8res-particuliers.pdf\">Les quadrilat\u00e8res particuliers<\/a><a href=\"http:\/\/maitre-d-ecole.net\/wp-content\/uploads\/2019\/02\/Les-quadrilat\u00e8res-particuliers.pdf\" class=\"wp-block-file__button wp-element-button\" download aria-describedby=\"wp-block-file--media-0530b9c3-6c60-4005-94dd-914010c29c77\">Download<\/a><\/div>\n\n\n\n<h2 class=\"wp-block-heading has-text-align-center\"><strong><mark style=\"background-color:rgba(0, 0, 0, 0)\" class=\"has-inline-color has-pale-pink-color\">GEOMETRIE de l&#8217;ESPACE<\/mark><\/strong> (en 3 dimensions)<\/h2>\n\n\n\n<div data-wp-interactive=\"core\/file\" class=\"wp-block-file\"><object data-wp-bind--hidden=\"!state.hasPdfPreview\"  class=\"wp-block-file__embed\" data=\"http:\/\/maitre-d-ecole.net\/wp-content\/uploads\/2019\/02\/g\u00e9om\u00e9trie-de-lespace.pdf\" type=\"application\/pdf\" style=\"width:100%;height:220px\" aria-label=\"Embed of g\u00e9om\u00e9trie de l'espace.\"><\/object><a id=\"wp-block-file--media-50f0e252-0850-4514-b04a-d2ea11756a1c\" href=\"http:\/\/maitre-d-ecole.net\/wp-content\/uploads\/2019\/02\/g\u00e9om\u00e9trie-de-lespace.pdf\">g\u00e9om\u00e9trie de l&#8217;espace<\/a><a href=\"http:\/\/maitre-d-ecole.net\/wp-content\/uploads\/2019\/02\/g\u00e9om\u00e9trie-de-lespace.pdf\" class=\"wp-block-file__button wp-element-button\" download aria-describedby=\"wp-block-file--media-50f0e252-0850-4514-b04a-d2ea11756a1c\">Download<\/a><\/div>\n\n\n<div class=\"wp-block-image\">\n<figure class=\"aligncenter is-resized\"><a href=\"http:\/\/maitre-d-ecole.net\/\"><img loading=\"lazy\" decoding=\"async\" width=\"300\" height=\"300\" src=\"http:\/\/maitre-d-ecole.net\/wp-content\/uploads\/2018\/09\/cropped-carr\u00e9-300x300.png\" alt=\"\" class=\"wp-image-551\" style=\"aspect-ratio:1;width:88px;height:auto\" srcset=\"https:\/\/maitre-d-ecole.net\/wp-content\/uploads\/2018\/09\/cropped-carr\u00e9-300x300.png 300w, https:\/\/maitre-d-ecole.net\/wp-content\/uploads\/2018\/09\/cropped-carr\u00e9-150x150.png 150w, https:\/\/maitre-d-ecole.net\/wp-content\/uploads\/2018\/09\/cropped-carr\u00e9-100x100.png 100w, https:\/\/maitre-d-ecole.net\/wp-content\/uploads\/2018\/09\/cropped-carr\u00e9-270x270.png 270w, https:\/\/maitre-d-ecole.net\/wp-content\/uploads\/2018\/09\/cropped-carr\u00e9-192x192.png 192w, https:\/\/maitre-d-ecole.net\/wp-content\/uploads\/2018\/09\/cropped-carr\u00e9-180x180.png 180w, https:\/\/maitre-d-ecole.net\/wp-content\/uploads\/2018\/09\/cropped-carr\u00e9-32x32.png 32w, https:\/\/maitre-d-ecole.net\/wp-content\/uploads\/2018\/09\/cropped-carr\u00e9.png 512w\" sizes=\"(max-width: 300px) 100vw, 300px\" \/><\/a><\/figure><\/div>","protected":false},"excerpt":{"rendered":"<p>GEOMETRIE PLANE (en 2 dimensions) les angles : affichette le triangle quelconque (ou scal\u00e8ne) : affichette le triangle rectangle (affichette) le triangle isoc\u00e8le (affichette) le triangle \u00e9quilat\u00e9ral (affichette) les quadrilat\u00e8res particuliers (m\u00e9mo ou affichette) GEOMETRIE de l&#8217;ESPACE (en 3 dimensions)<\/p>\n","protected":false},"author":1,"featured_media":0,"parent":0,"menu_order":0,"comment_status":"closed","ping_status":"closed","template":"","meta":{"footnotes":""},"_links":{"self":[{"href":"https:\/\/maitre-d-ecole.net\/index.php?rest_route=\/wp\/v2\/pages\/1330"}],"collection":[{"href":"https:\/\/maitre-d-ecole.net\/index.php?rest_route=\/wp\/v2\/pages"}],"about":[{"href":"https:\/\/maitre-d-ecole.net\/index.php?rest_route=\/wp\/v2\/types\/page"}],"author":[{"embeddable":true,"href":"https:\/\/maitre-d-ecole.net\/index.php?rest_route=\/wp\/v2\/users\/1"}],"replies":[{"embeddable":true,"href":"https:\/\/maitre-d-ecole.net\/index.php?rest_route=%2Fwp%2Fv2%2Fcomments&post=1330"}],"version-history":[{"count":5,"href":"https:\/\/maitre-d-ecole.net\/index.php?rest_route=\/wp\/v2\/pages\/1330\/revisions"}],"predecessor-version":[{"id":1554,"href":"https:\/\/maitre-d-ecole.net\/index.php?rest_route=\/wp\/v2\/pages\/1330\/revisions\/1554"}],"wp:attachment":[{"href":"https:\/\/maitre-d-ecole.net\/index.php?rest_route=%2Fwp%2Fv2%2Fmedia&parent=1330"}],"curies":[{"name":"wp","href":"https:\/\/api.w.org\/{rel}","templated":true}]}}